{"id":202,"date":"2024-01-24T14:20:40","date_gmt":"2024-01-24T17:20:40","guid":{"rendered":"https:\/\/podologiakeepes.com.br\/w\/?post_type=product&#038;p=202"},"modified":"2025-07-08T22:39:59","modified_gmt":"2025-07-09T01:39:59","slug":"podologia-tradicional","status":"publish","type":"product","link":"http:\/\/podologiakeepes.com.br\/w\/produto\/podologia-tradicional\/","title":{"rendered":"Podologia + Reflexologia"},"content":{"rendered":"<p>Podologia Tradicional + Reflexologia &#8211;<br \/>\nP\u00e9s saud\u00e1veis, vida mais feliz. Transforme seu bem-estar com a Keep\u00e9s Podologia.<br \/>\nA pod\u00f3loga orienta sobre o corte correto das unhas, higiene adequada dos p\u00e9s, escolha de cal\u00e7ados apropriados e outras medidas preventivas para evitar o surgimento de problemas como unhas encravadas, calosidades, micoses e frieiras.<br \/>\n<span class=\"textoServicos__titulo ng-binding\"><br \/>\nTratamento de Podologia mais Massagem relaxante nos p\u00e9s.<\/span><\/p>\n","protected":false},"excerpt":{"rendered":"<p>Podologia Tradicional + Reflexologia<br \/>\nP\u00e9s saud\u00e1veis, vida mais feliz. Transforme seu bem-estar com a Keep\u00e9s Podologia.<br \/>\nA pod\u00f3loga orienta sobre o corte correto das unhas, higiene adequada dos p\u00e9s, escolha de cal\u00e7ados apropriados e outras medidas preventivas para evitar o surgimento de problemas como unhas encravadas, calosidades, micoses e frieiras.<\/p>\n","protected":false},"featured_media":276,"comment_status":"open","ping_status":"closed","template":"","meta":{"_kadence_starter_templates_imported_post":false},"product_brand":[],"product_cat":[20],"product_tag":[19],"class_list":{"0":"post-202","1":"product","2":"type-product","3":"status-publish","4":"has-post-thumbnail","6":"product_cat-podologia","7":"product_tag-podologia","9":"first","10":"instock","11":"downloadable","12":"virtual","13":"sold-individually","14":"taxable","15":"purchasable","16":"product-type-simple"},"yoast_head":"<!-- This site is optimized with the Yoast SEO plugin v21.9 - https:\/\/yoast.com\/wordpress\/plugins\/seo\/ -->\n<title>Podologia + Reflexologia - Keep\u00e9s Podologia<\/title>\n<meta name=\"robots\" content=\"index, follow, max-snippet:-1, max-image-preview:large, max-video-preview:-1\" \/>\n<link rel=\"canonical\" href=\"http:\/\/podologiakeepes.com.br\/w\/produto\/podologia-tradicional\/\" \/>\n<meta property=\"og:locale\" content=\"pt_BR\" \/>\n<meta property=\"og:type\" content=\"article\" \/>\n<meta property=\"og:title\" content=\"Podologia + Reflexologia - Keep\u00e9s Podologia\" \/>\n<meta property=\"og:description\" content=\"Podologia Tradicional + Reflexologia P\u00e9s saud\u00e1veis, vida mais feliz. Transforme seu bem-estar com a Keep\u00e9s Podologia. A pod\u00f3loga orienta sobre o corte correto das unhas, higiene adequada dos p\u00e9s, escolha de cal\u00e7ados apropriados e outras medidas preventivas para evitar o surgimento de problemas como unhas encravadas, calosidades, micoses e frieiras.\" \/>\n<meta property=\"og:url\" content=\"http:\/\/podologiakeepes.com.br\/w\/produto\/podologia-tradicional\/\" \/>\n<meta property=\"og:site_name\" content=\"Keep\u00e9s Podologia\" \/>\n<meta property=\"article:publisher\" content=\"https:\/\/www.facebook.com\/keepespodologia\/\" \/>\n<meta property=\"article:modified_time\" content=\"2025-07-09T01:39:59+00:00\" \/>\n<meta property=\"og:image\" content=\"http:\/\/podologiakeepes.com.br\/w\/wp-content\/uploads\/2024\/01\/podologiaCopilot_20250617_142211.png\" \/>\n\t<meta property=\"og:image:width\" content=\"1024\" \/>\n\t<meta property=\"og:image:height\" content=\"1024\" \/>\n\t<meta property=\"og:image:type\" content=\"image\/png\" \/>\n<meta name=\"twitter:card\" content=\"summary_large_image\" \/>\n<meta name=\"twitter:label1\" content=\"Est. tempo de leitura\" \/>\n\t<meta name=\"twitter:data1\" content=\"1 minuto\" \/>\n<script type=\"application\/ld+json\" class=\"yoast-schema-graph\">{\"@context\":\"https:\/\/schema.org\",\"@graph\":[{\"@type\":\"WebPage\",\"@id\":\"http:\/\/podologiakeepes.com.br\/w\/produto\/podologia-tradicional\/\",\"url\":\"http:\/\/podologiakeepes.com.br\/w\/produto\/podologia-tradicional\/\",\"name\":\"Podologia + Reflexologia - Keep\u00e9s Podologia\",\"isPartOf\":{\"@id\":\"http:\/\/podologiakeepes.com.br\/w\/#website\"},\"datePublished\":\"2024-01-24T17:20:40+00:00\",\"dateModified\":\"2025-07-09T01:39:59+00:00\",\"breadcrumb\":{\"@id\":\"http:\/\/podologiakeepes.com.br\/w\/produto\/podologia-tradicional\/#breadcrumb\"},\"inLanguage\":\"pt-BR\",\"potentialAction\":[{\"@type\":\"ReadAction\",\"target\":[\"http:\/\/podologiakeepes.com.br\/w\/produto\/podologia-tradicional\/\"]}]},{\"@type\":\"BreadcrumbList\",\"@id\":\"http:\/\/podologiakeepes.com.br\/w\/produto\/podologia-tradicional\/#breadcrumb\",\"itemListElement\":[{\"@type\":\"ListItem\",\"position\":1,\"name\":\"In\u00edcio\",\"item\":\"http:\/\/podologiakeepes.com.br\/w\/\"},{\"@type\":\"ListItem\",\"position\":2,\"name\":\"Loja\",\"item\":\"http:\/\/podologiakeepes.com.br\/w\/loja\/\"},{\"@type\":\"ListItem\",\"position\":3,\"name\":\"Podologia + Reflexologia\"}]},{\"@type\":\"WebSite\",\"@id\":\"http:\/\/podologiakeepes.com.br\/w\/#website\",\"url\":\"http:\/\/podologiakeepes.com.br\/w\/\",\"name\":\"Keep\u00e9s Podologia (11) 972387691\",\"description\":\"Especialista no Tratamento com Laser\",\"publisher\":{\"@id\":\"http:\/\/podologiakeepes.com.br\/w\/#organization\"},\"potentialAction\":[{\"@type\":\"SearchAction\",\"target\":{\"@type\":\"EntryPoint\",\"urlTemplate\":\"http:\/\/podologiakeepes.com.br\/w\/?s={search_term_string}\"},\"query-input\":\"required name=search_term_string\"}],\"inLanguage\":\"pt-BR\"},{\"@type\":\"Organization\",\"@id\":\"http:\/\/podologiakeepes.com.br\/w\/#organization\",\"name\":\"Keep\u00e9s Podologia (11) 972387691\",\"url\":\"http:\/\/podologiakeepes.com.br\/w\/\",\"logo\":{\"@type\":\"ImageObject\",\"inLanguage\":\"pt-BR\",\"@id\":\"http:\/\/podologiakeepes.com.br\/w\/#\/schema\/logo\/image\/\",\"url\":\"https:\/\/podologiakeepes.com.br\/w\/wp-content\/uploads\/2024\/01\/WhatsApp-Image-2024-01-23-at-22.43.13.jpeg\",\"contentUrl\":\"https:\/\/podologiakeepes.com.br\/w\/wp-content\/uploads\/2024\/01\/WhatsApp-Image-2024-01-23-at-22.43.13.jpeg\",\"width\":1280,\"height\":1280,\"caption\":\"Keep\u00e9s Podologia (11) 972387691\"},\"image\":{\"@id\":\"http:\/\/podologiakeepes.com.br\/w\/#\/schema\/logo\/image\/\"},\"sameAs\":[\"https:\/\/www.facebook.com\/keepespodologia\/\"]}]}<\/script>\n<!-- \/ Yoast SEO plugin. -->","yoast_head_json":{"title":"Podologia + Reflexologia - Keep\u00e9s Podologia","robots":{"index":"index","follow":"follow","max-snippet":"max-snippet:-1","max-image-preview":"max-image-preview:large","max-video-preview":"max-video-preview:-1"},"canonical":"http:\/\/podologiakeepes.com.br\/w\/produto\/podologia-tradicional\/","og_locale":"pt_BR","og_type":"article","og_title":"Podologia + Reflexologia - Keep\u00e9s Podologia","og_description":"Podologia Tradicional + Reflexologia P\u00e9s saud\u00e1veis, vida mais feliz. Transforme seu bem-estar com a Keep\u00e9s Podologia. A pod\u00f3loga orienta sobre o corte correto das unhas, higiene adequada dos p\u00e9s, escolha de cal\u00e7ados apropriados e outras medidas preventivas para evitar o surgimento de problemas como unhas encravadas, calosidades, micoses e frieiras.","og_url":"http:\/\/podologiakeepes.com.br\/w\/produto\/podologia-tradicional\/","og_site_name":"Keep\u00e9s Podologia","article_publisher":"https:\/\/www.facebook.com\/keepespodologia\/","article_modified_time":"2025-07-09T01:39:59+00:00","og_image":[{"width":1024,"height":1024,"url":"http:\/\/podologiakeepes.com.br\/w\/wp-content\/uploads\/2024\/01\/podologiaCopilot_20250617_142211.png","type":"image\/png"}],"twitter_card":"summary_large_image","twitter_misc":{"Est. tempo de leitura":"1 minuto"},"schema":{"@context":"https:\/\/schema.org","@graph":[{"@type":"WebPage","@id":"http:\/\/podologiakeepes.com.br\/w\/produto\/podologia-tradicional\/","url":"http:\/\/podologiakeepes.com.br\/w\/produto\/podologia-tradicional\/","name":"Podologia + Reflexologia - Keep\u00e9s Podologia","isPartOf":{"@id":"http:\/\/podologiakeepes.com.br\/w\/#website"},"datePublished":"2024-01-24T17:20:40+00:00","dateModified":"2025-07-09T01:39:59+00:00","breadcrumb":{"@id":"http:\/\/podologiakeepes.com.br\/w\/produto\/podologia-tradicional\/#breadcrumb"},"inLanguage":"pt-BR","potentialAction":[{"@type":"ReadAction","target":["http:\/\/podologiakeepes.com.br\/w\/produto\/podologia-tradicional\/"]}]},{"@type":"BreadcrumbList","@id":"http:\/\/podologiakeepes.com.br\/w\/produto\/podologia-tradicional\/#breadcrumb","itemListElement":[{"@type":"ListItem","position":1,"name":"In\u00edcio","item":"http:\/\/podologiakeepes.com.br\/w\/"},{"@type":"ListItem","position":2,"name":"Loja","item":"http:\/\/podologiakeepes.com.br\/w\/loja\/"},{"@type":"ListItem","position":3,"name":"Podologia + Reflexologia"}]},{"@type":"WebSite","@id":"http:\/\/podologiakeepes.com.br\/w\/#website","url":"http:\/\/podologiakeepes.com.br\/w\/","name":"Keep\u00e9s Podologia (11) 972387691","description":"Especialista no Tratamento com Laser","publisher":{"@id":"http:\/\/podologiakeepes.com.br\/w\/#organization"},"potentialAction":[{"@type":"SearchAction","target":{"@type":"EntryPoint","urlTemplate":"http:\/\/podologiakeepes.com.br\/w\/?s={search_term_string}"},"query-input":"required name=search_term_string"}],"inLanguage":"pt-BR"},{"@type":"Organization","@id":"http:\/\/podologiakeepes.com.br\/w\/#organization","name":"Keep\u00e9s Podologia (11) 972387691","url":"http:\/\/podologiakeepes.com.br\/w\/","logo":{"@type":"ImageObject","inLanguage":"pt-BR","@id":"http:\/\/podologiakeepes.com.br\/w\/#\/schema\/logo\/image\/","url":"https:\/\/podologiakeepes.com.br\/w\/wp-content\/uploads\/2024\/01\/WhatsApp-Image-2024-01-23-at-22.43.13.jpeg","contentUrl":"https:\/\/podologiakeepes.com.br\/w\/wp-content\/uploads\/2024\/01\/WhatsApp-Image-2024-01-23-at-22.43.13.jpeg","width":1280,"height":1280,"caption":"Keep\u00e9s Podologia (11) 972387691"},"image":{"@id":"http:\/\/podologiakeepes.com.br\/w\/#\/schema\/logo\/image\/"},"sameAs":["https:\/\/www.facebook.com\/keepespodologia\/"]}]}},"_links":{"self":[{"href":"http:\/\/podologiakeepes.com.br\/w\/wp-json\/wp\/v2\/product\/202","targetHints":{"allow":["GET"]}}],"collection":[{"href":"http:\/\/podologiakeepes.com.br\/w\/wp-json\/wp\/v2\/product"}],"about":[{"href":"http:\/\/podologiakeepes.com.br\/w\/wp-json\/wp\/v2\/types\/product"}],"replies":[{"embeddable":true,"href":"http:\/\/podologiakeepes.com.br\/w\/wp-json\/wp\/v2\/comments?post=202"}],"wp:featuredmedia":[{"embeddable":true,"href":"http:\/\/podologiakeepes.com.br\/w\/wp-json\/wp\/v2\/media\/276"}],"wp:attachment":[{"href":"http:\/\/podologiakeepes.com.br\/w\/wp-json\/wp\/v2\/media?parent=202"}],"wp:term":[{"taxonomy":"product_brand","embeddable":true,"href":"http:\/\/podologiakeepes.com.br\/w\/wp-json\/wp\/v2\/product_brand?post=202"},{"taxonomy":"product_cat","embeddable":true,"href":"http:\/\/podologiakeepes.com.br\/w\/wp-json\/wp\/v2\/product_cat?post=202"},{"taxonomy":"product_tag","embeddable":true,"href":"http:\/\/podologiakeepes.com.br\/w\/wp-json\/wp\/v2\/product_tag?post=202"}],"curies":[{"name":"wp","href":"https:\/\/api.w.org\/{rel}","templated":true}]}}