{"id":2,"date":"2024-01-23T14:44:12","date_gmt":"2024-01-23T17:44:12","guid":{"rendered":"http:\/\/podologiakeepes.com.br\/w\/?page_id=2"},"modified":"2024-01-24T12:51:31","modified_gmt":"2024-01-24T15:51:31","slug":"pagina-exemplo","status":"publish","type":"page","link":"http:\/\/podologiakeepes.com.br\/w\/","title":{"rendered":"Podologia Laser &#8211; Tratamento de Micose"},"content":{"rendered":"\n<p class=\"has-sitebg-color has-accent-1-background-color has-text-color has-background has-link-color wp-elements-f4f08e9438172f1d4640fba5aef2a7b2\">Atualmente existe um interesse crescente em tecnologias de fototerapia para o tratamento local de infec\u00e7\u00f5es por fungos e bact\u00e9rias, as indesej\u00e1veis\u00a0<strong>micoses das unhas<\/strong>. Uma destas tecnologias \u00e9 o laser com um comprimento de onda de 1064nm, capaz de atravessar a lamina da unha e atingir o seu leito, resultando num aquecimento do material fungico. A exposi\u00e7\u00e3o do fungo a altas temperaturas inibe o seu crescimento e causa dano e morte celular. Este laser atua tamb\u00e9m em algumas bacterias comuns dos p\u00e9s e que podem infectar as unhas em conjunto com os fungos.<\/p>\n\n\n\n<p class=\"has-sitebg-color has-accent-1-background-color has-text-color has-background has-link-color wp-elements-9529f89f36b0107206cbab9375817831\">Neste m\u00e9todo de tratamento n\u00e3o h\u00e1 contato da ponteira do equipamento com a unha ou a pele, o que resulta num procedimento limpo, simples e de acordo com as normas sanit\u00e1rias. O esquema de tratamento \u00e9 composto inicialmente por duas ou tr\u00eas sess\u00f5es com intervalo de 2 a 4 semanas. De acordo com o crescimento das unhas, da intensidade da onicomicose, as sess\u00f5es complementares s\u00e3o realizadas com intervalos de 15 dias, 1 m\u00eas ou 3 meses, e o acompanhamento dever\u00e1 ser realizado at\u00e9 o crescimento total da unha, o que pode levar at\u00e9 um ano. Este m\u00e9todo contudo deve ser acompanhado de medidas de higiene para evitar a recontamina\u00e7\u00e3o e as unhas adoecerem novamente, principalmente por contato com tesouras e alicates n\u00e3o esterilizados. A lavagem das meias deve ser feita com \u00e1gua quente e a higiene dos cal\u00e7ados deve ser di\u00e1ria.<\/p>\n","protected":false},"excerpt":{"rendered":"<p>Atualmente existe um interesse crescente em tecnologias de fototerapia para o tratamento local de infec\u00e7\u00f5es por fungos e bact\u00e9rias, as indesej\u00e1veis\u00a0micoses das unhas. Uma destas tecnologias \u00e9 o laser com um comprimento de onda de 1064nm, capaz de atravessar a lamina da unha e atingir o seu leito, resultando num &hellip;<\/p>\n","protected":false},"author":1,"featured_media":0,"parent":0,"menu_order":0,"comment_status":"closed","ping_status":"closed","template":"","meta":{"_kadence_starter_templates_imported_post":false,"footnotes":""},"class_list":["post-2","page","type-page","status-publish","hentry"],"yoast_head":"<!-- This site is optimized with the Yoast SEO plugin v21.9 - https:\/\/yoast.com\/wordpress\/plugins\/seo\/ -->\n<title>Podologia Laser - Tratamento de Micose - Keep\u00e9s Podologia<\/title>\n<meta name=\"robots\" content=\"index, follow, max-snippet:-1, max-image-preview:large, max-video-preview:-1\" \/>\n<link rel=\"canonical\" href=\"http:\/\/podologiakeepes.com.br\/w\/\" \/>\n<meta property=\"og:locale\" content=\"pt_BR\" \/>\n<meta property=\"og:type\" content=\"article\" \/>\n<meta property=\"og:title\" content=\"Podologia Laser - Tratamento de Micose - Keep\u00e9s Podologia\" \/>\n<meta property=\"og:description\" content=\"Atualmente existe um interesse crescente em tecnologias de fototerapia para o tratamento local de infec\u00e7\u00f5es por fungos e bact\u00e9rias, as indesej\u00e1veis\u00a0micoses das unhas. Uma destas tecnologias \u00e9 o laser com um comprimento de onda de 1064nm, capaz de atravessar a lamina da unha e atingir o seu leito, resultando num &hellip;\" \/>\n<meta property=\"og:url\" content=\"http:\/\/podologiakeepes.com.br\/w\/\" \/>\n<meta property=\"og:site_name\" content=\"Keep\u00e9s Podologia\" \/>\n<meta property=\"article:publisher\" content=\"https:\/\/www.facebook.com\/keepespodologia\/\" \/>\n<meta property=\"article:modified_time\" content=\"2024-01-24T15:51:31+00:00\" \/>\n<meta name=\"twitter:card\" content=\"summary_large_image\" \/>\n<meta name=\"twitter:label1\" content=\"Est. tempo de leitura\" \/>\n\t<meta name=\"twitter:data1\" content=\"2 minutos\" \/>\n<script type=\"application\/ld+json\" class=\"yoast-schema-graph\">{\"@context\":\"https:\/\/schema.org\",\"@graph\":[{\"@type\":\"WebPage\",\"@id\":\"http:\/\/podologiakeepes.com.br\/w\/\",\"url\":\"http:\/\/podologiakeepes.com.br\/w\/\",\"name\":\"Podologia Laser - Tratamento de Micose - Keep\u00e9s Podologia\",\"isPartOf\":{\"@id\":\"http:\/\/podologiakeepes.com.br\/w\/#website\"},\"datePublished\":\"2024-01-23T17:44:12+00:00\",\"dateModified\":\"2024-01-24T15:51:31+00:00\",\"breadcrumb\":{\"@id\":\"http:\/\/podologiakeepes.com.br\/w\/#breadcrumb\"},\"inLanguage\":\"pt-BR\",\"potentialAction\":[{\"@type\":\"ReadAction\",\"target\":[\"http:\/\/podologiakeepes.com.br\/w\/\"]}]},{\"@type\":\"BreadcrumbList\",\"@id\":\"http:\/\/podologiakeepes.com.br\/w\/#breadcrumb\",\"itemListElement\":[{\"@type\":\"ListItem\",\"position\":1,\"name\":\"In\u00edcio\",\"item\":\"http:\/\/podologiakeepes.com.br\/w\/\"},{\"@type\":\"ListItem\",\"position\":2,\"name\":\"Podologia Laser &#8211; Tratamento de Micose\"}]},{\"@type\":\"WebSite\",\"@id\":\"http:\/\/podologiakeepes.com.br\/w\/#website\",\"url\":\"http:\/\/podologiakeepes.com.br\/w\/\",\"name\":\"Keep\u00e9s Podologia (11) 972387691\",\"description\":\"Especialista no Tratamento com Laser\",\"publisher\":{\"@id\":\"http:\/\/podologiakeepes.com.br\/w\/#organization\"},\"potentialAction\":[{\"@type\":\"SearchAction\",\"target\":{\"@type\":\"EntryPoint\",\"urlTemplate\":\"http:\/\/podologiakeepes.com.br\/w\/?s={search_term_string}\"},\"query-input\":\"required name=search_term_string\"}],\"inLanguage\":\"pt-BR\"},{\"@type\":\"Organization\",\"@id\":\"http:\/\/podologiakeepes.com.br\/w\/#organization\",\"name\":\"Keep\u00e9s Podologia (11) 972387691\",\"url\":\"http:\/\/podologiakeepes.com.br\/w\/\",\"logo\":{\"@type\":\"ImageObject\",\"inLanguage\":\"pt-BR\",\"@id\":\"http:\/\/podologiakeepes.com.br\/w\/#\/schema\/logo\/image\/\",\"url\":\"https:\/\/podologiakeepes.com.br\/w\/wp-content\/uploads\/2024\/01\/WhatsApp-Image-2024-01-23-at-22.43.13.jpeg\",\"contentUrl\":\"https:\/\/podologiakeepes.com.br\/w\/wp-content\/uploads\/2024\/01\/WhatsApp-Image-2024-01-23-at-22.43.13.jpeg\",\"width\":1280,\"height\":1280,\"caption\":\"Keep\u00e9s Podologia (11) 972387691\"},\"image\":{\"@id\":\"http:\/\/podologiakeepes.com.br\/w\/#\/schema\/logo\/image\/\"},\"sameAs\":[\"https:\/\/www.facebook.com\/keepespodologia\/\"]}]}<\/script>\n<!-- \/ Yoast SEO plugin. -->","yoast_head_json":{"title":"Podologia Laser - Tratamento de Micose - Keep\u00e9s Podologia","robots":{"index":"index","follow":"follow","max-snippet":"max-snippet:-1","max-image-preview":"max-image-preview:large","max-video-preview":"max-video-preview:-1"},"canonical":"http:\/\/podologiakeepes.com.br\/w\/","og_locale":"pt_BR","og_type":"article","og_title":"Podologia Laser - Tratamento de Micose - Keep\u00e9s Podologia","og_description":"Atualmente existe um interesse crescente em tecnologias de fototerapia para o tratamento local de infec\u00e7\u00f5es por fungos e bact\u00e9rias, as indesej\u00e1veis\u00a0micoses das unhas. Uma destas tecnologias \u00e9 o laser com um comprimento de onda de 1064nm, capaz de atravessar a lamina da unha e atingir o seu leito, resultando num &hellip;","og_url":"http:\/\/podologiakeepes.com.br\/w\/","og_site_name":"Keep\u00e9s Podologia","article_publisher":"https:\/\/www.facebook.com\/keepespodologia\/","article_modified_time":"2024-01-24T15:51:31+00:00","twitter_card":"summary_large_image","twitter_misc":{"Est. tempo de leitura":"2 minutos"},"schema":{"@context":"https:\/\/schema.org","@graph":[{"@type":"WebPage","@id":"http:\/\/podologiakeepes.com.br\/w\/","url":"http:\/\/podologiakeepes.com.br\/w\/","name":"Podologia Laser - Tratamento de Micose - Keep\u00e9s Podologia","isPartOf":{"@id":"http:\/\/podologiakeepes.com.br\/w\/#website"},"datePublished":"2024-01-23T17:44:12+00:00","dateModified":"2024-01-24T15:51:31+00:00","breadcrumb":{"@id":"http:\/\/podologiakeepes.com.br\/w\/#breadcrumb"},"inLanguage":"pt-BR","potentialAction":[{"@type":"ReadAction","target":["http:\/\/podologiakeepes.com.br\/w\/"]}]},{"@type":"BreadcrumbList","@id":"http:\/\/podologiakeepes.com.br\/w\/#breadcrumb","itemListElement":[{"@type":"ListItem","position":1,"name":"In\u00edcio","item":"http:\/\/podologiakeepes.com.br\/w\/"},{"@type":"ListItem","position":2,"name":"Podologia Laser &#8211; Tratamento de Micose"}]},{"@type":"WebSite","@id":"http:\/\/podologiakeepes.com.br\/w\/#website","url":"http:\/\/podologiakeepes.com.br\/w\/","name":"Keep\u00e9s Podologia (11) 972387691","description":"Especialista no Tratamento com Laser","publisher":{"@id":"http:\/\/podologiakeepes.com.br\/w\/#organization"},"potentialAction":[{"@type":"SearchAction","target":{"@type":"EntryPoint","urlTemplate":"http:\/\/podologiakeepes.com.br\/w\/?s={search_term_string}"},"query-input":"required name=search_term_string"}],"inLanguage":"pt-BR"},{"@type":"Organization","@id":"http:\/\/podologiakeepes.com.br\/w\/#organization","name":"Keep\u00e9s Podologia (11) 972387691","url":"http:\/\/podologiakeepes.com.br\/w\/","logo":{"@type":"ImageObject","inLanguage":"pt-BR","@id":"http:\/\/podologiakeepes.com.br\/w\/#\/schema\/logo\/image\/","url":"https:\/\/podologiakeepes.com.br\/w\/wp-content\/uploads\/2024\/01\/WhatsApp-Image-2024-01-23-at-22.43.13.jpeg","contentUrl":"https:\/\/podologiakeepes.com.br\/w\/wp-content\/uploads\/2024\/01\/WhatsApp-Image-2024-01-23-at-22.43.13.jpeg","width":1280,"height":1280,"caption":"Keep\u00e9s Podologia (11) 972387691"},"image":{"@id":"http:\/\/podologiakeepes.com.br\/w\/#\/schema\/logo\/image\/"},"sameAs":["https:\/\/www.facebook.com\/keepespodologia\/"]}]}},"_links":{"self":[{"href":"http:\/\/podologiakeepes.com.br\/w\/wp-json\/wp\/v2\/pages\/2","targetHints":{"allow":["GET"]}}],"collection":[{"href":"http:\/\/podologiakeepes.com.br\/w\/wp-json\/wp\/v2\/pages"}],"about":[{"href":"http:\/\/podologiakeepes.com.br\/w\/wp-json\/wp\/v2\/types\/page"}],"author":[{"embeddable":true,"href":"http:\/\/podologiakeepes.com.br\/w\/wp-json\/wp\/v2\/users\/1"}],"replies":[{"embeddable":true,"href":"http:\/\/podologiakeepes.com.br\/w\/wp-json\/wp\/v2\/comments?post=2"}],"version-history":[{"count":9,"href":"http:\/\/podologiakeepes.com.br\/w\/wp-json\/wp\/v2\/pages\/2\/revisions"}],"predecessor-version":[{"id":180,"href":"http:\/\/podologiakeepes.com.br\/w\/wp-json\/wp\/v2\/pages\/2\/revisions\/180"}],"wp:attachment":[{"href":"http:\/\/podologiakeepes.com.br\/w\/wp-json\/wp\/v2\/media?parent=2"}],"curies":[{"name":"wp","href":"https:\/\/api.w.org\/{rel}","templated":true}]}}