{"id":132,"date":"2024-01-24T11:16:13","date_gmt":"2024-01-24T14:16:13","guid":{"rendered":"http:\/\/podologiakeepes.com.br\/w\/?page_id=132"},"modified":"2024-02-29T10:59:20","modified_gmt":"2024-02-29T13:59:20","slug":"avaliacao-e-dpoimentos","status":"publish","type":"page","link":"http:\/\/podologiakeepes.com.br\/w\/avaliacao-e-dpoimentos\/","title":{"rendered":"Depoimentos"},"content":{"rendered":"\n<figure class=\"wp-block-image size-full\"><img fetchpriority=\"high\" decoding=\"async\" width=\"779\" height=\"189\" src=\"http:\/\/podologiakeepes.com.br\/w\/wp-content\/uploads\/2024\/02\/image-5.png\" alt=\"\" class=\"wp-image-262\" srcset=\"http:\/\/podologiakeepes.com.br\/w\/wp-content\/uploads\/2024\/02\/image-5.png 779w, http:\/\/podologiakeepes.com.br\/w\/wp-content\/uploads\/2024\/02\/image-5-300x73.png 300w, http:\/\/podologiakeepes.com.br\/w\/wp-content\/uploads\/2024\/02\/image-5-768x186.png 768w, http:\/\/podologiakeepes.com.br\/w\/wp-content\/uploads\/2024\/02\/image-5-600x146.png 600w\" sizes=\"(max-width: 779px) 100vw, 779px\" \/><\/figure>\n\n\n\n<p>.<\/p>\n\n\n\n<figure class=\"wp-block-image size-full\"><img decoding=\"async\" width=\"878\" height=\"465\" src=\"http:\/\/podologiakeepes.com.br\/w\/wp-content\/uploads\/2024\/02\/image-6.png\" alt=\"\" class=\"wp-image-263\" srcset=\"http:\/\/podologiakeepes.com.br\/w\/wp-content\/uploads\/2024\/02\/image-6.png 878w, http:\/\/podologiakeepes.com.br\/w\/wp-content\/uploads\/2024\/02\/image-6-300x159.png 300w, http:\/\/podologiakeepes.com.br\/w\/wp-content\/uploads\/2024\/02\/image-6-768x407.png 768w, http:\/\/podologiakeepes.com.br\/w\/wp-content\/uploads\/2024\/02\/image-6-378x200.png 378w, http:\/\/podologiakeepes.com.br\/w\/wp-content\/uploads\/2024\/02\/image-6-600x318.png 600w\" sizes=\"(max-width: 878px) 100vw, 878px\" \/><\/figure>\n\n\n\n<figure class=\"wp-block-image size-full\"><img decoding=\"async\" width=\"883\" height=\"502\" src=\"http:\/\/podologiakeepes.com.br\/w\/wp-content\/uploads\/2024\/02\/image-3.png\" alt=\"\" class=\"wp-image-254\" srcset=\"http:\/\/podologiakeepes.com.br\/w\/wp-content\/uploads\/2024\/02\/image-3.png 883w, http:\/\/podologiakeepes.com.br\/w\/wp-content\/uploads\/2024\/02\/image-3-300x171.png 300w, http:\/\/podologiakeepes.com.br\/w\/wp-content\/uploads\/2024\/02\/image-3-768x437.png 768w, http:\/\/podologiakeepes.com.br\/w\/wp-content\/uploads\/2024\/02\/image-3-352x200.png 352w, http:\/\/podologiakeepes.com.br\/w\/wp-content\/uploads\/2024\/02\/image-3-600x341.png 600w\" sizes=\"(max-width: 883px) 100vw, 883px\" \/><\/figure>\n\n\n\n<p>.<\/p>\n\n\n\n<figure class=\"wp-block-image size-full\"><img loading=\"lazy\" decoding=\"async\" width=\"885\" height=\"528\" src=\"http:\/\/podologiakeepes.com.br\/w\/wp-content\/uploads\/2024\/02\/image-4.png\" alt=\"\" class=\"wp-image-255\" srcset=\"http:\/\/podologiakeepes.com.br\/w\/wp-content\/uploads\/2024\/02\/image-4.png 885w, http:\/\/podologiakeepes.com.br\/w\/wp-content\/uploads\/2024\/02\/image-4-300x179.png 300w, http:\/\/podologiakeepes.com.br\/w\/wp-content\/uploads\/2024\/02\/image-4-768x458.png 768w, http:\/\/podologiakeepes.com.br\/w\/wp-content\/uploads\/2024\/02\/image-4-335x200.png 335w, http:\/\/podologiakeepes.com.br\/w\/wp-content\/uploads\/2024\/02\/image-4-600x358.png 600w\" sizes=\"(max-width: 885px) 100vw, 885px\" \/><\/figure>\n\n\n\n<p class=\"has-large-font-size\"><a href=\"https:\/\/search.google.com\/local\/reviews?placeid=ChIJx90AHPhbzpQRrfc3TgLefjg\" target=\"_blank\" rel=\"noreferrer noopener\">Confira a avalia\u00e7\u00e3o dos nossos clientes pelo Google &#8211; Excel\u00eancia no cuidado com os seus p\u00e9s<\/a><\/p>\n\n\n\n<p>.<\/p>\n\n\n\n<p>.<\/p>\n\n\n\n<p>.<\/p>\n\n\n\n<p><\/p>\n","protected":false},"excerpt":{"rendered":"<p>. . Confira a avalia\u00e7\u00e3o dos nossos clientes pelo Google &#8211; Excel\u00eancia no cuidado com os seus p\u00e9s . . .<\/p>\n","protected":false},"author":1,"featured_media":0,"parent":0,"menu_order":0,"comment_status":"closed","ping_status":"closed","template":"","meta":{"_kadence_starter_templates_imported_post":false,"footnotes":""},"class_list":["post-132","page","type-page","status-publish","hentry"],"yoast_head":"<!-- This site is optimized with the Yoast SEO plugin v21.9 - https:\/\/yoast.com\/wordpress\/plugins\/seo\/ -->\n<title>Depoimentos - Keep\u00e9s Podologia<\/title>\n<meta name=\"robots\" content=\"index, follow, max-snippet:-1, max-image-preview:large, max-video-preview:-1\" \/>\n<link rel=\"canonical\" href=\"http:\/\/podologiakeepes.com.br\/w\/avaliacao-e-dpoimentos\/\" \/>\n<meta property=\"og:locale\" content=\"pt_BR\" \/>\n<meta property=\"og:type\" content=\"article\" \/>\n<meta property=\"og:title\" content=\"Depoimentos - Keep\u00e9s Podologia\" \/>\n<meta property=\"og:description\" content=\". . Confira a avalia\u00e7\u00e3o dos nossos clientes pelo Google &#8211; Excel\u00eancia no cuidado com os seus p\u00e9s . . .\" \/>\n<meta property=\"og:url\" content=\"http:\/\/podologiakeepes.com.br\/w\/avaliacao-e-dpoimentos\/\" \/>\n<meta property=\"og:site_name\" content=\"Keep\u00e9s Podologia\" \/>\n<meta property=\"article:publisher\" content=\"https:\/\/www.facebook.com\/keepespodologia\/\" \/>\n<meta property=\"article:modified_time\" content=\"2024-02-29T13:59:20+00:00\" \/>\n<meta property=\"og:image\" content=\"http:\/\/podologiakeepes.com.br\/w\/wp-content\/uploads\/2024\/02\/image-5.png\" \/>\n<meta name=\"twitter:card\" content=\"summary_large_image\" \/>\n<meta name=\"twitter:label1\" content=\"Est. tempo de leitura\" \/>\n\t<meta name=\"twitter:data1\" content=\"1 minuto\" \/>\n<script type=\"application\/ld+json\" class=\"yoast-schema-graph\">{\"@context\":\"https:\/\/schema.org\",\"@graph\":[{\"@type\":\"WebPage\",\"@id\":\"http:\/\/podologiakeepes.com.br\/w\/avaliacao-e-dpoimentos\/\",\"url\":\"http:\/\/podologiakeepes.com.br\/w\/avaliacao-e-dpoimentos\/\",\"name\":\"Depoimentos - Keep\u00e9s Podologia\",\"isPartOf\":{\"@id\":\"http:\/\/podologiakeepes.com.br\/w\/#website\"},\"datePublished\":\"2024-01-24T14:16:13+00:00\",\"dateModified\":\"2024-02-29T13:59:20+00:00\",\"breadcrumb\":{\"@id\":\"http:\/\/podologiakeepes.com.br\/w\/avaliacao-e-dpoimentos\/#breadcrumb\"},\"inLanguage\":\"pt-BR\",\"potentialAction\":[{\"@type\":\"ReadAction\",\"target\":[\"http:\/\/podologiakeepes.com.br\/w\/avaliacao-e-dpoimentos\/\"]}]},{\"@type\":\"BreadcrumbList\",\"@id\":\"http:\/\/podologiakeepes.com.br\/w\/avaliacao-e-dpoimentos\/#breadcrumb\",\"itemListElement\":[{\"@type\":\"ListItem\",\"position\":1,\"name\":\"In\u00edcio\",\"item\":\"http:\/\/podologiakeepes.com.br\/w\/\"},{\"@type\":\"ListItem\",\"position\":2,\"name\":\"Depoimentos\"}]},{\"@type\":\"WebSite\",\"@id\":\"http:\/\/podologiakeepes.com.br\/w\/#website\",\"url\":\"http:\/\/podologiakeepes.com.br\/w\/\",\"name\":\"Keep\u00e9s Podologia (11) 972387691\",\"description\":\"Especialista no Tratamento com Laser\",\"publisher\":{\"@id\":\"http:\/\/podologiakeepes.com.br\/w\/#organization\"},\"potentialAction\":[{\"@type\":\"SearchAction\",\"target\":{\"@type\":\"EntryPoint\",\"urlTemplate\":\"http:\/\/podologiakeepes.com.br\/w\/?s={search_term_string}\"},\"query-input\":\"required name=search_term_string\"}],\"inLanguage\":\"pt-BR\"},{\"@type\":\"Organization\",\"@id\":\"http:\/\/podologiakeepes.com.br\/w\/#organization\",\"name\":\"Keep\u00e9s Podologia (11) 972387691\",\"url\":\"http:\/\/podologiakeepes.com.br\/w\/\",\"logo\":{\"@type\":\"ImageObject\",\"inLanguage\":\"pt-BR\",\"@id\":\"http:\/\/podologiakeepes.com.br\/w\/#\/schema\/logo\/image\/\",\"url\":\"https:\/\/podologiakeepes.com.br\/w\/wp-content\/uploads\/2024\/01\/WhatsApp-Image-2024-01-23-at-22.43.13.jpeg\",\"contentUrl\":\"https:\/\/podologiakeepes.com.br\/w\/wp-content\/uploads\/2024\/01\/WhatsApp-Image-2024-01-23-at-22.43.13.jpeg\",\"width\":1280,\"height\":1280,\"caption\":\"Keep\u00e9s Podologia (11) 972387691\"},\"image\":{\"@id\":\"http:\/\/podologiakeepes.com.br\/w\/#\/schema\/logo\/image\/\"},\"sameAs\":[\"https:\/\/www.facebook.com\/keepespodologia\/\"]}]}<\/script>\n<!-- \/ Yoast SEO plugin. -->","yoast_head_json":{"title":"Depoimentos - Keep\u00e9s Podologia","robots":{"index":"index","follow":"follow","max-snippet":"max-snippet:-1","max-image-preview":"max-image-preview:large","max-video-preview":"max-video-preview:-1"},"canonical":"http:\/\/podologiakeepes.com.br\/w\/avaliacao-e-dpoimentos\/","og_locale":"pt_BR","og_type":"article","og_title":"Depoimentos - Keep\u00e9s Podologia","og_description":". . Confira a avalia\u00e7\u00e3o dos nossos clientes pelo Google &#8211; Excel\u00eancia no cuidado com os seus p\u00e9s . . .","og_url":"http:\/\/podologiakeepes.com.br\/w\/avaliacao-e-dpoimentos\/","og_site_name":"Keep\u00e9s Podologia","article_publisher":"https:\/\/www.facebook.com\/keepespodologia\/","article_modified_time":"2024-02-29T13:59:20+00:00","og_image":[{"url":"http:\/\/podologiakeepes.com.br\/w\/wp-content\/uploads\/2024\/02\/image-5.png"}],"twitter_card":"summary_large_image","twitter_misc":{"Est. tempo de leitura":"1 minuto"},"schema":{"@context":"https:\/\/schema.org","@graph":[{"@type":"WebPage","@id":"http:\/\/podologiakeepes.com.br\/w\/avaliacao-e-dpoimentos\/","url":"http:\/\/podologiakeepes.com.br\/w\/avaliacao-e-dpoimentos\/","name":"Depoimentos - Keep\u00e9s Podologia","isPartOf":{"@id":"http:\/\/podologiakeepes.com.br\/w\/#website"},"datePublished":"2024-01-24T14:16:13+00:00","dateModified":"2024-02-29T13:59:20+00:00","breadcrumb":{"@id":"http:\/\/podologiakeepes.com.br\/w\/avaliacao-e-dpoimentos\/#breadcrumb"},"inLanguage":"pt-BR","potentialAction":[{"@type":"ReadAction","target":["http:\/\/podologiakeepes.com.br\/w\/avaliacao-e-dpoimentos\/"]}]},{"@type":"BreadcrumbList","@id":"http:\/\/podologiakeepes.com.br\/w\/avaliacao-e-dpoimentos\/#breadcrumb","itemListElement":[{"@type":"ListItem","position":1,"name":"In\u00edcio","item":"http:\/\/podologiakeepes.com.br\/w\/"},{"@type":"ListItem","position":2,"name":"Depoimentos"}]},{"@type":"WebSite","@id":"http:\/\/podologiakeepes.com.br\/w\/#website","url":"http:\/\/podologiakeepes.com.br\/w\/","name":"Keep\u00e9s Podologia (11) 972387691","description":"Especialista no Tratamento com Laser","publisher":{"@id":"http:\/\/podologiakeepes.com.br\/w\/#organization"},"potentialAction":[{"@type":"SearchAction","target":{"@type":"EntryPoint","urlTemplate":"http:\/\/podologiakeepes.com.br\/w\/?s={search_term_string}"},"query-input":"required name=search_term_string"}],"inLanguage":"pt-BR"},{"@type":"Organization","@id":"http:\/\/podologiakeepes.com.br\/w\/#organization","name":"Keep\u00e9s Podologia (11) 972387691","url":"http:\/\/podologiakeepes.com.br\/w\/","logo":{"@type":"ImageObject","inLanguage":"pt-BR","@id":"http:\/\/podologiakeepes.com.br\/w\/#\/schema\/logo\/image\/","url":"https:\/\/podologiakeepes.com.br\/w\/wp-content\/uploads\/2024\/01\/WhatsApp-Image-2024-01-23-at-22.43.13.jpeg","contentUrl":"https:\/\/podologiakeepes.com.br\/w\/wp-content\/uploads\/2024\/01\/WhatsApp-Image-2024-01-23-at-22.43.13.jpeg","width":1280,"height":1280,"caption":"Keep\u00e9s Podologia (11) 972387691"},"image":{"@id":"http:\/\/podologiakeepes.com.br\/w\/#\/schema\/logo\/image\/"},"sameAs":["https:\/\/www.facebook.com\/keepespodologia\/"]}]}},"_links":{"self":[{"href":"http:\/\/podologiakeepes.com.br\/w\/wp-json\/wp\/v2\/pages\/132","targetHints":{"allow":["GET"]}}],"collection":[{"href":"http:\/\/podologiakeepes.com.br\/w\/wp-json\/wp\/v2\/pages"}],"about":[{"href":"http:\/\/podologiakeepes.com.br\/w\/wp-json\/wp\/v2\/types\/page"}],"author":[{"embeddable":true,"href":"http:\/\/podologiakeepes.com.br\/w\/wp-json\/wp\/v2\/users\/1"}],"replies":[{"embeddable":true,"href":"http:\/\/podologiakeepes.com.br\/w\/wp-json\/wp\/v2\/comments?post=132"}],"version-history":[{"count":19,"href":"http:\/\/podologiakeepes.com.br\/w\/wp-json\/wp\/v2\/pages\/132\/revisions"}],"predecessor-version":[{"id":265,"href":"http:\/\/podologiakeepes.com.br\/w\/wp-json\/wp\/v2\/pages\/132\/revisions\/265"}],"wp:attachment":[{"href":"http:\/\/podologiakeepes.com.br\/w\/wp-json\/wp\/v2\/media?parent=132"}],"curies":[{"name":"wp","href":"https:\/\/api.w.org\/{rel}","templated":true}]}}