{"id":109,"date":"2024-01-23T21:00:09","date_gmt":"2024-01-24T00:00:09","guid":{"rendered":"http:\/\/podologiakeepes.com.br\/w\/?page_id=109"},"modified":"2024-01-24T12:05:02","modified_gmt":"2024-01-24T15:05:02","slug":"1-o-que-caracteriza-a-micose-de-unha-a-micose-caracteriza-se-pela-alteracao-da-cor-espessamento-e-ou-deslocamento-da-unha-do-seu-leito-ungueal-ou-seja-da-pele-a-cor-da-unha-alterada-pode-varia","status":"publish","type":"page","link":"http:\/\/podologiakeepes.com.br\/w\/1-o-que-caracteriza-a-micose-de-unha-a-micose-caracteriza-se-pela-alteracao-da-cor-espessamento-e-ou-deslocamento-da-unha-do-seu-leito-ungueal-ou-seja-da-pele-a-cor-da-unha-alterada-pode-varia\/","title":{"rendered":"Perguntas e Repostas"},"content":{"rendered":"\n<h2 class=\"wp-block-heading has-headings-color has-text-color has-link-color wp-elements-fbb18d72c5da5f90811ead0ca965de0d\"><\/h2>\n\n\n\n<p class=\"has-headings-color has-text-color has-link-color wp-elements-3a03e33dd857f7b7d4cef9920d859dac\"><strong>1) O que caracteriza a micose de unha?<\/strong> <br>A micose caracteriza-se pela altera\u00e7\u00e3o da cor, espessamento e\/ ou deslocamento da unha do seu leito ungueal, ou seja, da pele. A cor da unha alterada pode variar desde esbranqui\u00e7ada, at\u00e9 amarelada, esverdeada ou castanha. Muitas vezes, a altera\u00e7\u00e3o da cor j\u00e1 d\u00e1 uma id\u00e9ia do tipo de fungo causador da micose da unha. Geralmente, a cor esverdeada pode indicar infec\u00e7\u00e3o por leveduras ou bact\u00e9rias. <br><br><strong>2) Por que o tratamento da micose de unha \u00e9 importante?<\/strong> <br>O tratamento \u00e9 fundamental, pois a unha doente serve de \u0093porta de entrada\u0094 para outros germes e bact\u00e9rias. Isso, sem falar do aspecto feio da unha afetada. <\/p>\n\n\n\n<p class=\"has-headings-color has-text-color has-link-color wp-elements-21592090cc5e84fcb1bb0159f2a2f370\"><strong>3) Por que a terapia tradicional \u00e9 demorada?<\/strong><br> O tratamento tradicional \u00e9 demorado \u2013 em m\u00e9dia seis a nove meses, mas pode perdurar por anos e anos. Pode ser realizado com medicamento local ou sist\u00eamico (via oral). A persist\u00eancia disciplinada \u00e9 crucial para o tratamento local. Quanto ao tratamento sist\u00eamico, tendo em vista o grande n\u00famero de medica\u00e7\u00f5es que os idosos geralmente utilizam, a incompatibilidade de algumas delas com os antif\u00fangicos e o sacrif\u00edcio para as fun\u00e7\u00f5es do f\u00edgado, h\u00e1 que se pesar na balan\u00e7a do bom senso o risco\/beneficio desse tratamento. <\/p>\n\n\n\n<p class=\"has-headings-color has-text-color has-link-color wp-elements-d80e00750208c7e17f2e590e8b018775\"><strong>4) As micoses que atingem as unhas dos p\u00e9s e das m\u00e3os s\u00e3o as mesmas? <\/strong><br>A doen\u00e7a \u00e9 mesmo mais comum nas unhas dos p\u00e9s? Por qu\u00ea? As micoses das unhas das m\u00e3os s\u00e3o geralmente causadas pela umidade de lavar lou\u00e7a ou roupa, ou por material de manicure e a contamina\u00e7\u00e3o mais habitual \u00e9 por leveduras. A unha descola-se da pele e fica esbranqui\u00e7ada. Nas unhas dos p\u00e9s, as micoses s\u00e3o causadas pela umidade dos sapatos e meias, al\u00e9m do calor deste local, o que ajuda a prolifera\u00e7\u00e3o dos fungos. A micose nas unhas dos p\u00e9s \u00e9 mais comum, pois sapatos e t\u00eanis s\u00e3o ambientes \u00famidos e abafados, prop\u00edcios para a prolifera\u00e7\u00e3o de microrganismos. Nas m\u00e3os, a ventila\u00e7\u00e3o pode dificultar a prolifera\u00e7\u00e3o dos fungos, o que dificulta o desenvolvimento da micose. <\/p>\n\n\n\n<p class=\"has-headings-color has-text-color has-link-color wp-elements-0d4a97065f61e2754ef6e727532b8897\"><strong>5) Todos os tipos de micoses de unha podem ser tratadas a laser?<\/strong><br>Qual a vantagem do tratamento com o laser NdYag 1064nm, em compara\u00e7\u00e3o com outros tratamentos mais comuns? Existem contra-indica\u00e7\u00f5es? Todos os tipos de fungos que causam micose das unhas respondem ao tratamento com o laser NdYag 1064nm. As vantagens desse tratamento a laser em compara\u00e7\u00e3o aos tradicionais s\u00e3o evitar o uso de medica\u00e7\u00f5es nocivas ao organismo, como antif\u00fangicos orais, e a rapidez de a\u00e7\u00e3o do tratamento. Ou at\u00e9 mesmo, resgatar aqueles doentes que n\u00e3o responderam ou n\u00e3o conseguiram realizar o tratamento adequadamente. N\u00e3o h\u00e1 contra indica\u00e7\u00f5es para o uso do laser. <\/p>\n\n\n\n<p class=\"has-headings-color has-text-color has-link-color wp-elements-9deaa5b77933ec268e17638a7faf5acd\"><strong>6) Como o laser emitido atua na unha doente? <\/strong><br>O laser atravessa a l\u00e2mina da unha e atinge o seu leito resultando num aquecimento do material f\u00fangico. A exposi\u00e7\u00e3o do fungo a altas temperaturas inibe o seu crescimento e causa dano e morte celular do fungo. <\/p>\n\n\n\n<p class=\"has-headings-color has-text-color has-link-color wp-elements-67ddc6ddbd185b4f5acc2ceaa31d2715\"><strong>7) Quantas sess\u00f5es s\u00e3o necess\u00e1rias para a erradica\u00e7\u00e3o da micose? <\/strong><br>Qual \u00e9 o risco da micose voltar? As unhas ficam com alguma sequela ao final deste tratamento? S\u00e3o necess\u00e1rias poucas sess\u00f5es. O risco da recidiva depende da imunidade de cada pessoa. Pode haver desidrata\u00e7\u00e3o da unha, por isso, deve-se hidrat\u00e1-la ap\u00f3s o tratamento. Mas, em geral, a regi\u00e3o reconstitui-se integralmente em poucos meses. <\/p>\n\n\n\n<p class=\"has-headings-color has-text-color has-link-color wp-elements-9b686996485e591aaf0a1a93183ff2b2\"><strong>8) \u00c9 poss\u00edvel usar o laser para rejuvenescer as unhas. O que significa rejuvenescer as unhas? <\/strong><br>Rejuvenescer as unhas consiste em melhorar a microcircula\u00e7\u00e3o do leito ungueal por meio do laser. Com a melhora da circula\u00e7\u00e3o do sangue no local, a unha cresce mais e melhor, com aspecto saud\u00e1vel. <\/p>\n\n\n\n<p class=\"has-headings-color has-text-color has-link-color wp-elements-1e2701fc5a3e37bda5686ac726ce7b53\"><strong>9) Quais as causas do envelhecimento das unhas? <\/strong><br>As unhas envelhecem devido ao processo natural de senesc\u00eancia ou envelhecimento do ser humano, que pode ser acentuado devido \u00e0s doen\u00e7as end\u00f3crinas, como por exemplo, o mau funcionamento da tire\u00f3ide ou devido ao diabetes. Os problemas do cora\u00e7\u00e3o, dos vasos sanguineos ou respirat\u00f3rios afetam, principalmente, as pernas e as unhas dos p\u00e9s, com retardo do crescimento, espessamento das unhas, o amarelamento e o aspecto quebradi\u00e7o, com estrias verticais. Estes problemas, at\u00e9 o momento, n\u00e3o tinham solu\u00e7\u00e3o, mas com o uso do laser apropriado (laser NdYag 1064) \u0093vislumbramos\u0094 uma esperan\u00e7a de melhora para as unhas. Os resultados preliminares do tratamento s\u00e3o promissores. <\/p>\n\n\n\n<p class=\"has-headings-color has-text-color has-link-color wp-elements-b4920fe77b35e3ee2336d890b16dceed\"><strong>10) Quais os conselhos para evitar a micose de unha? <\/strong><br>As micoses podem ser prevenidas com a higiene adequada (secar bem ap\u00f3s o banho, evitar o uso do mesmo cal\u00e7ado em dias repetidos, colocar os sapatos em locais arejados ap\u00f3s o uso, evitar andar descal\u00e7o em locais como praias, piscinas e vesti\u00e1rios), evitar traumas nas unhas, dar prefer\u00eancia para meias de algod\u00e3o e, evitando-se o uso de cal\u00e7ados apertados ou o compartilhamento de materiais de manicure ou pedicure n\u00e3o descart\u00e1veis. Pessoas que ficam por muito tempo em contato com a \u00e1gua devem usar luvas.<\/p>\n\n\n\n<p class=\"has-headings-color has-text-color has-link-color wp-elements-5a073edfc7e05ee10257e2202d9a9f20\"><strong> 11) Como uma pessoa pode evitar o envelhecimento precoce das unhas?<\/strong><br> Cuidando do organismo como um todo, com alimenta\u00e7\u00e3o adequada, cuidados de higiene e exames peri\u00f3dicos.<\/p>\n","protected":false},"excerpt":{"rendered":"<p>1) O que caracteriza a micose de unha? A micose caracteriza-se pela altera\u00e7\u00e3o da cor, espessamento e\/ ou deslocamento da unha do seu leito ungueal, ou seja, da pele. A cor da unha alterada pode variar desde esbranqui\u00e7ada, at\u00e9 amarelada, esverdeada ou castanha. Muitas vezes, a altera\u00e7\u00e3o da cor j\u00e1 &hellip;<\/p>\n","protected":false},"author":1,"featured_media":0,"parent":0,"menu_order":0,"comment_status":"closed","ping_status":"closed","template":"","meta":{"_kadence_starter_templates_imported_post":false,"footnotes":""},"class_list":["post-109","page","type-page","status-publish","hentry"],"yoast_head":"<!-- This site is optimized with the Yoast SEO plugin v21.9 - https:\/\/yoast.com\/wordpress\/plugins\/seo\/ -->\n<title>Perguntas e Repostas - Keep\u00e9s Podologia<\/title>\n<meta name=\"robots\" content=\"index, follow, max-snippet:-1, max-image-preview:large, max-video-preview:-1\" \/>\n<link rel=\"canonical\" href=\"http:\/\/podologiakeepes.com.br\/w\/1-o-que-caracteriza-a-micose-de-unha-a-micose-caracteriza-se-pela-alteracao-da-cor-espessamento-e-ou-deslocamento-da-unha-do-seu-leito-ungueal-ou-seja-da-pele-a-cor-da-unha-alterada-pode-varia\/\" \/>\n<meta property=\"og:locale\" content=\"pt_BR\" \/>\n<meta property=\"og:type\" content=\"article\" \/>\n<meta property=\"og:title\" content=\"Perguntas e Repostas - Keep\u00e9s Podologia\" \/>\n<meta property=\"og:description\" content=\"1) O que caracteriza a micose de unha? A micose caracteriza-se pela altera\u00e7\u00e3o da cor, espessamento e\/ ou deslocamento da unha do seu leito ungueal, ou seja, da pele. A cor da unha alterada pode variar desde esbranqui\u00e7ada, at\u00e9 amarelada, esverdeada ou castanha. Muitas vezes, a altera\u00e7\u00e3o da cor j\u00e1 &hellip;\" \/>\n<meta property=\"og:url\" content=\"http:\/\/podologiakeepes.com.br\/w\/1-o-que-caracteriza-a-micose-de-unha-a-micose-caracteriza-se-pela-alteracao-da-cor-espessamento-e-ou-deslocamento-da-unha-do-seu-leito-ungueal-ou-seja-da-pele-a-cor-da-unha-alterada-pode-varia\/\" \/>\n<meta property=\"og:site_name\" content=\"Keep\u00e9s Podologia\" \/>\n<meta property=\"article:publisher\" content=\"https:\/\/www.facebook.com\/keepespodologia\/\" \/>\n<meta property=\"article:modified_time\" content=\"2024-01-24T15:05:02+00:00\" \/>\n<meta name=\"twitter:card\" content=\"summary_large_image\" \/>\n<meta name=\"twitter:label1\" content=\"Est. tempo de leitura\" \/>\n\t<meta name=\"twitter:data1\" content=\"5 minutos\" \/>\n<script type=\"application\/ld+json\" class=\"yoast-schema-graph\">{\"@context\":\"https:\/\/schema.org\",\"@graph\":[{\"@type\":\"WebPage\",\"@id\":\"http:\/\/podologiakeepes.com.br\/w\/1-o-que-caracteriza-a-micose-de-unha-a-micose-caracteriza-se-pela-alteracao-da-cor-espessamento-e-ou-deslocamento-da-unha-do-seu-leito-ungueal-ou-seja-da-pele-a-cor-da-unha-alterada-pode-varia\/\",\"url\":\"http:\/\/podologiakeepes.com.br\/w\/1-o-que-caracteriza-a-micose-de-unha-a-micose-caracteriza-se-pela-alteracao-da-cor-espessamento-e-ou-deslocamento-da-unha-do-seu-leito-ungueal-ou-seja-da-pele-a-cor-da-unha-alterada-pode-varia\/\",\"name\":\"Perguntas e Repostas - Keep\u00e9s Podologia\",\"isPartOf\":{\"@id\":\"http:\/\/podologiakeepes.com.br\/w\/#website\"},\"datePublished\":\"2024-01-24T00:00:09+00:00\",\"dateModified\":\"2024-01-24T15:05:02+00:00\",\"breadcrumb\":{\"@id\":\"http:\/\/podologiakeepes.com.br\/w\/1-o-que-caracteriza-a-micose-de-unha-a-micose-caracteriza-se-pela-alteracao-da-cor-espessamento-e-ou-deslocamento-da-unha-do-seu-leito-ungueal-ou-seja-da-pele-a-cor-da-unha-alterada-pode-varia\/#breadcrumb\"},\"inLanguage\":\"pt-BR\",\"potentialAction\":[{\"@type\":\"ReadAction\",\"target\":[\"http:\/\/podologiakeepes.com.br\/w\/1-o-que-caracteriza-a-micose-de-unha-a-micose-caracteriza-se-pela-alteracao-da-cor-espessamento-e-ou-deslocamento-da-unha-do-seu-leito-ungueal-ou-seja-da-pele-a-cor-da-unha-alterada-pode-varia\/\"]}]},{\"@type\":\"BreadcrumbList\",\"@id\":\"http:\/\/podologiakeepes.com.br\/w\/1-o-que-caracteriza-a-micose-de-unha-a-micose-caracteriza-se-pela-alteracao-da-cor-espessamento-e-ou-deslocamento-da-unha-do-seu-leito-ungueal-ou-seja-da-pele-a-cor-da-unha-alterada-pode-varia\/#breadcrumb\",\"itemListElement\":[{\"@type\":\"ListItem\",\"position\":1,\"name\":\"In\u00edcio\",\"item\":\"http:\/\/podologiakeepes.com.br\/w\/\"},{\"@type\":\"ListItem\",\"position\":2,\"name\":\"Perguntas e Repostas\"}]},{\"@type\":\"WebSite\",\"@id\":\"http:\/\/podologiakeepes.com.br\/w\/#website\",\"url\":\"http:\/\/podologiakeepes.com.br\/w\/\",\"name\":\"Keep\u00e9s Podologia (11) 972387691\",\"description\":\"Especialista no Tratamento com Laser\",\"publisher\":{\"@id\":\"http:\/\/podologiakeepes.com.br\/w\/#organization\"},\"potentialAction\":[{\"@type\":\"SearchAction\",\"target\":{\"@type\":\"EntryPoint\",\"urlTemplate\":\"http:\/\/podologiakeepes.com.br\/w\/?s={search_term_string}\"},\"query-input\":\"required name=search_term_string\"}],\"inLanguage\":\"pt-BR\"},{\"@type\":\"Organization\",\"@id\":\"http:\/\/podologiakeepes.com.br\/w\/#organization\",\"name\":\"Keep\u00e9s Podologia (11) 972387691\",\"url\":\"http:\/\/podologiakeepes.com.br\/w\/\",\"logo\":{\"@type\":\"ImageObject\",\"inLanguage\":\"pt-BR\",\"@id\":\"http:\/\/podologiakeepes.com.br\/w\/#\/schema\/logo\/image\/\",\"url\":\"https:\/\/podologiakeepes.com.br\/w\/wp-content\/uploads\/2024\/01\/WhatsApp-Image-2024-01-23-at-22.43.13.jpeg\",\"contentUrl\":\"https:\/\/podologiakeepes.com.br\/w\/wp-content\/uploads\/2024\/01\/WhatsApp-Image-2024-01-23-at-22.43.13.jpeg\",\"width\":1280,\"height\":1280,\"caption\":\"Keep\u00e9s Podologia (11) 972387691\"},\"image\":{\"@id\":\"http:\/\/podologiakeepes.com.br\/w\/#\/schema\/logo\/image\/\"},\"sameAs\":[\"https:\/\/www.facebook.com\/keepespodologia\/\"]}]}<\/script>\n<!-- \/ Yoast SEO plugin. -->","yoast_head_json":{"title":"Perguntas e Repostas - Keep\u00e9s Podologia","robots":{"index":"index","follow":"follow","max-snippet":"max-snippet:-1","max-image-preview":"max-image-preview:large","max-video-preview":"max-video-preview:-1"},"canonical":"http:\/\/podologiakeepes.com.br\/w\/1-o-que-caracteriza-a-micose-de-unha-a-micose-caracteriza-se-pela-alteracao-da-cor-espessamento-e-ou-deslocamento-da-unha-do-seu-leito-ungueal-ou-seja-da-pele-a-cor-da-unha-alterada-pode-varia\/","og_locale":"pt_BR","og_type":"article","og_title":"Perguntas e Repostas - Keep\u00e9s Podologia","og_description":"1) O que caracteriza a micose de unha? A micose caracteriza-se pela altera\u00e7\u00e3o da cor, espessamento e\/ ou deslocamento da unha do seu leito ungueal, ou seja, da pele. A cor da unha alterada pode variar desde esbranqui\u00e7ada, at\u00e9 amarelada, esverdeada ou castanha. Muitas vezes, a altera\u00e7\u00e3o da cor j\u00e1 &hellip;","og_url":"http:\/\/podologiakeepes.com.br\/w\/1-o-que-caracteriza-a-micose-de-unha-a-micose-caracteriza-se-pela-alteracao-da-cor-espessamento-e-ou-deslocamento-da-unha-do-seu-leito-ungueal-ou-seja-da-pele-a-cor-da-unha-alterada-pode-varia\/","og_site_name":"Keep\u00e9s Podologia","article_publisher":"https:\/\/www.facebook.com\/keepespodologia\/","article_modified_time":"2024-01-24T15:05:02+00:00","twitter_card":"summary_large_image","twitter_misc":{"Est. tempo de leitura":"5 minutos"},"schema":{"@context":"https:\/\/schema.org","@graph":[{"@type":"WebPage","@id":"http:\/\/podologiakeepes.com.br\/w\/1-o-que-caracteriza-a-micose-de-unha-a-micose-caracteriza-se-pela-alteracao-da-cor-espessamento-e-ou-deslocamento-da-unha-do-seu-leito-ungueal-ou-seja-da-pele-a-cor-da-unha-alterada-pode-varia\/","url":"http:\/\/podologiakeepes.com.br\/w\/1-o-que-caracteriza-a-micose-de-unha-a-micose-caracteriza-se-pela-alteracao-da-cor-espessamento-e-ou-deslocamento-da-unha-do-seu-leito-ungueal-ou-seja-da-pele-a-cor-da-unha-alterada-pode-varia\/","name":"Perguntas e Repostas - Keep\u00e9s Podologia","isPartOf":{"@id":"http:\/\/podologiakeepes.com.br\/w\/#website"},"datePublished":"2024-01-24T00:00:09+00:00","dateModified":"2024-01-24T15:05:02+00:00","breadcrumb":{"@id":"http:\/\/podologiakeepes.com.br\/w\/1-o-que-caracteriza-a-micose-de-unha-a-micose-caracteriza-se-pela-alteracao-da-cor-espessamento-e-ou-deslocamento-da-unha-do-seu-leito-ungueal-ou-seja-da-pele-a-cor-da-unha-alterada-pode-varia\/#breadcrumb"},"inLanguage":"pt-BR","potentialAction":[{"@type":"ReadAction","target":["http:\/\/podologiakeepes.com.br\/w\/1-o-que-caracteriza-a-micose-de-unha-a-micose-caracteriza-se-pela-alteracao-da-cor-espessamento-e-ou-deslocamento-da-unha-do-seu-leito-ungueal-ou-seja-da-pele-a-cor-da-unha-alterada-pode-varia\/"]}]},{"@type":"BreadcrumbList","@id":"http:\/\/podologiakeepes.com.br\/w\/1-o-que-caracteriza-a-micose-de-unha-a-micose-caracteriza-se-pela-alteracao-da-cor-espessamento-e-ou-deslocamento-da-unha-do-seu-leito-ungueal-ou-seja-da-pele-a-cor-da-unha-alterada-pode-varia\/#breadcrumb","itemListElement":[{"@type":"ListItem","position":1,"name":"In\u00edcio","item":"http:\/\/podologiakeepes.com.br\/w\/"},{"@type":"ListItem","position":2,"name":"Perguntas e Repostas"}]},{"@type":"WebSite","@id":"http:\/\/podologiakeepes.com.br\/w\/#website","url":"http:\/\/podologiakeepes.com.br\/w\/","name":"Keep\u00e9s Podologia (11) 972387691","description":"Especialista no Tratamento com Laser","publisher":{"@id":"http:\/\/podologiakeepes.com.br\/w\/#organization"},"potentialAction":[{"@type":"SearchAction","target":{"@type":"EntryPoint","urlTemplate":"http:\/\/podologiakeepes.com.br\/w\/?s={search_term_string}"},"query-input":"required name=search_term_string"}],"inLanguage":"pt-BR"},{"@type":"Organization","@id":"http:\/\/podologiakeepes.com.br\/w\/#organization","name":"Keep\u00e9s Podologia (11) 972387691","url":"http:\/\/podologiakeepes.com.br\/w\/","logo":{"@type":"ImageObject","inLanguage":"pt-BR","@id":"http:\/\/podologiakeepes.com.br\/w\/#\/schema\/logo\/image\/","url":"https:\/\/podologiakeepes.com.br\/w\/wp-content\/uploads\/2024\/01\/WhatsApp-Image-2024-01-23-at-22.43.13.jpeg","contentUrl":"https:\/\/podologiakeepes.com.br\/w\/wp-content\/uploads\/2024\/01\/WhatsApp-Image-2024-01-23-at-22.43.13.jpeg","width":1280,"height":1280,"caption":"Keep\u00e9s Podologia (11) 972387691"},"image":{"@id":"http:\/\/podologiakeepes.com.br\/w\/#\/schema\/logo\/image\/"},"sameAs":["https:\/\/www.facebook.com\/keepespodologia\/"]}]}},"_links":{"self":[{"href":"http:\/\/podologiakeepes.com.br\/w\/wp-json\/wp\/v2\/pages\/109","targetHints":{"allow":["GET"]}}],"collection":[{"href":"http:\/\/podologiakeepes.com.br\/w\/wp-json\/wp\/v2\/pages"}],"about":[{"href":"http:\/\/podologiakeepes.com.br\/w\/wp-json\/wp\/v2\/types\/page"}],"author":[{"embeddable":true,"href":"http:\/\/podologiakeepes.com.br\/w\/wp-json\/wp\/v2\/users\/1"}],"replies":[{"embeddable":true,"href":"http:\/\/podologiakeepes.com.br\/w\/wp-json\/wp\/v2\/comments?post=109"}],"version-history":[{"count":15,"href":"http:\/\/podologiakeepes.com.br\/w\/wp-json\/wp\/v2\/pages\/109\/revisions"}],"predecessor-version":[{"id":157,"href":"http:\/\/podologiakeepes.com.br\/w\/wp-json\/wp\/v2\/pages\/109\/revisions\/157"}],"wp:attachment":[{"href":"http:\/\/podologiakeepes.com.br\/w\/wp-json\/wp\/v2\/media?parent=109"}],"curies":[{"name":"wp","href":"https:\/\/api.w.org\/{rel}","templated":true}]}}